{"id":8,"date":"2018-02-21T20:41:39","date_gmt":"2018-02-21T19:41:39","guid":{"rendered":"https:\/\/bodywork-troisdorf.de\/?page_id=8"},"modified":"2024-11-04T22:18:49","modified_gmt":"2024-11-04T21:18:49","slug":"mein-weg","status":"publish","type":"page","link":"http:\/\/bodywork-troisdorf.de\/?page_id=8","title":{"rendered":"mein Weg"},"content":{"rendered":"<p>mein Weg<\/p>\n<p>Ich w\u00fcrde meinen eigenen Weg als alles andere als geradlinig bezeichnen. Nach dem Abitur fing ich an Elektrotechnik zu studieren, konnte mir jedoch nicht vorstellen, all die &#8222;einfachen&#8220; Arbeitspl\u00e4tze weg zu rationalisieren, wie ich es im Arbeitsalltag erlebte. Daher entschied ich mich mitten im Studium zu tauschen und meine Hobbys zum Beruf zu machen und die Bastelei der Elektrotechnik eher als Hobby weiter zu f\u00fchren. Ich studierte Erziehungswissenschaften, Soziologie und Psychologie.<br>\nHinzu kamen einige Zusatzqualifikationen im erlebnisp\u00e4dagogischen Bereich. Ich arbeitete in der Suchtvorbeugung (was h\u00e4lt uns gesund?) und begann selbst K\u00f6rpertherapiestunden zu nehmen. Die Arbeit und meine pers\u00f6nlichen Erfolge damit weckten in mir die Lust, dies auch beruflich zu tun. Ich entschloss mich zu einer Ausbildung in einer K\u00f6rperpsychotherapierichtung und stie\u00df so durch einige Zuf\u00e4lle auf die Biodynamik. Parallel machte ich meinen Heilpraktiker Psychotherapie und er\u00f6ffnete eine kleine Praxis in K\u00f6ln. Meine Frau und das in unserer Familie aufgenommene Pflegekind beanspruchte jedoch viel Zeit, so dass ich f\u00fcr ein paar Jahre die Praxis wieder schloss.<br>\nDoch irgendwann war es dann wieder soweit, dass mich aus verschiedenen Richtungen der alte Wunsch, praktisch mit Menschen zu arbeiten, wieder einholte und ich beschloss, wohnortn\u00e4her in Troisdorf wieder eine Praxis zu er\u00f6ffnen und Menschen zu helfen, in ihre Tiefen ab zu tauchen und das dort liegende Gold ans Licht zu bringen.<br>\nDurch meine Familie und die dort aufgetretenen Schicksale und Geschehnisse, habe ich Einblicke in verschiedenste Problemfelder hautnah erlebt. So z.B. Kinderwunsch mit Kinderlosigkeit, Depression, Sucht, Suizidversuch, Schlaganfall, Krebs, B\u00fcrgerkrieg&#8230;<br>\nDies waren zum Gro\u00dfteil keine sch\u00f6nen Erlebnisse, aber sie haben mir doch geholfen, auch in den Gew\u00e4ssern anderer Menschen ein sicherer Kapit\u00e4n zu werden, wenn es mal unruhige See gibt, so dass es f\u00fcr viele Klienten m\u00f6glich ist, sich auf eine Fahrt in eine unruhiges Seelengew\u00e4sser mit meiner Begleitung ein zu lassen.<\/p>\n\n\n<figure class=\"wp-block-image size-large\"><img fetchpriority=\"high\" width=\"1019\" height=\"1024\" src=\"http:\/\/bodywork-troisdorf.de\/wp-content\/uploads\/2024\/11\/am-Baum-1019x1024.jpg\" alt=\"\" class=\"wp-image-216\" srcset=\"http:\/\/bodywork-troisdorf.de\/wp-content\/uploads\/2024\/11\/am-Baum-1019x1024.jpg 1019w, http:\/\/bodywork-troisdorf.de\/wp-content\/uploads\/2024\/11\/am-Baum-300x300.jpg 300w, http:\/\/bodywork-troisdorf.de\/wp-content\/uploads\/2024\/11\/am-Baum-150x150.jpg 150w, http:\/\/bodywork-troisdorf.de\/wp-content\/uploads\/2024\/11\/am-Baum-768x772.jpg 768w, http:\/\/bodywork-troisdorf.de\/wp-content\/uploads\/2024\/11\/am-Baum-1529x1536.jpg 1529w, http:\/\/bodywork-troisdorf.de\/wp-content\/uploads\/2024\/11\/am-Baum-2038x2048.jpg 2038w, http:\/\/bodywork-troisdorf.de\/wp-content\/uploads\/2024\/11\/am-Baum-100x100.jpg 100w\" sizes=\"(max-width: 767px) 89vw, (max-width: 1000px) 54vw, (max-width: 1071px) 543px, 580px\" \/><\/figure>\n","protected":false},"excerpt":{"rendered":"<p>mein Weg Ich w\u00fcrde meinen eigenen Weg als alles andere als geradlinig bezeichnen. Nach dem Abitur fing ich an Elektrotechnik zu studieren, konnte mir jedoch nicht vorstellen, all die &#8222;einfachen&#8220; Arbeitspl\u00e4tze weg zu rationalisieren, wie ich es im Arbeitsalltag erlebte. Daher entschied ich mich mitten im Studium zu tauschen und meine Hobbys zum Beruf zu &hellip; <\/p>\n<p class=\"link-more\"><a href=\"http:\/\/bodywork-troisdorf.de\/?page_id=8\" class=\"more-link\"><span class=\"screen-reader-text\">\u201emein Weg\u201c<\/span> weiterlesen<\/a><\/p>\n","protected":false},"author":1,"featured_media":0,"parent":0,"menu_order":0,"comment_status":"closed","ping_status":"closed","template":"","meta":[],"yoast_head":"<!-- This site is optimized with the Yoast SEO plugin v19.7.1 - https:\/\/yoast.com\/wordpress\/plugins\/seo\/ -->\n<title>mein Weg - Bodywork Troisdorf<\/title>\n<meta name=\"robots\" content=\"index, follow, max-snippet:-1, max-image-preview:large, max-video-preview:-1\" \/>\n<link rel=\"canonical\" href=\"http:\/\/bodywork-troisdorf.de\/?page_id=8\" \/>\n<meta property=\"og:locale\" content=\"de_DE\" \/>\n<meta property=\"og:type\" content=\"article\" \/>\n<meta property=\"og:title\" content=\"mein Weg - Bodywork Troisdorf\" \/>\n<meta property=\"og:description\" content=\"mein Weg Ich w\u00fcrde meinen eigenen Weg als alles andere als geradlinig bezeichnen. Nach dem Abitur fing ich an Elektrotechnik zu studieren, konnte mir jedoch nicht vorstellen, all die &#8222;einfachen&#8220; Arbeitspl\u00e4tze weg zu rationalisieren, wie ich es im Arbeitsalltag erlebte. Daher entschied ich mich mitten im Studium zu tauschen und meine Hobbys zum Beruf zu &hellip; \u201emein Weg\u201c weiterlesen\" \/>\n<meta property=\"og:url\" content=\"http:\/\/bodywork-troisdorf.de\/?page_id=8\" \/>\n<meta property=\"og:site_name\" content=\"Bodywork Troisdorf\" \/>\n<meta property=\"article:modified_time\" content=\"2024-11-04T21:18:49+00:00\" \/>\n<meta property=\"og:image\" content=\"http:\/\/bodywork-troisdorf.de\/wp-content\/uploads\/2024\/11\/am-Baum-1019x1024.jpg\" \/>\n<meta name=\"twitter:card\" content=\"summary_large_image\" \/>\n<meta name=\"twitter:label1\" content=\"Gesch\u00e4tzte Lesezeit\" \/>\n\t<meta name=\"twitter:data1\" content=\"2\u00a0Minuten\" \/>\n<script type=\"application\/ld+json\" class=\"yoast-schema-graph\">{\"@context\":\"https:\/\/schema.org\",\"@graph\":[{\"@type\":\"WebPage\",\"@id\":\"http:\/\/bodywork-troisdorf.de\/?page_id=8\",\"url\":\"http:\/\/bodywork-troisdorf.de\/?page_id=8\",\"name\":\"mein Weg - Bodywork Troisdorf\",\"isPartOf\":{\"@id\":\"http:\/\/bodywork-troisdorf.de\/#website\"},\"datePublished\":\"2018-02-21T19:41:39+00:00\",\"dateModified\":\"2024-11-04T21:18:49+00:00\",\"breadcrumb\":{\"@id\":\"http:\/\/bodywork-troisdorf.de\/?page_id=8#breadcrumb\"},\"inLanguage\":\"de\",\"potentialAction\":[{\"@type\":\"ReadAction\",\"target\":[\"http:\/\/bodywork-troisdorf.de\/?page_id=8\"]}]},{\"@type\":\"BreadcrumbList\",\"@id\":\"http:\/\/bodywork-troisdorf.de\/?page_id=8#breadcrumb\",\"itemListElement\":[{\"@type\":\"ListItem\",\"position\":1,\"name\":\"Home\",\"item\":\"http:\/\/bodywork-troisdorf.de\/\"},{\"@type\":\"ListItem\",\"position\":2,\"name\":\"mein Weg\"}]},{\"@type\":\"WebSite\",\"@id\":\"http:\/\/bodywork-troisdorf.de\/#website\",\"url\":\"http:\/\/bodywork-troisdorf.de\/\",\"name\":\"Bodywork Troisdorf\",\"description\":\"Praxis f\u00fcr K\u00f6rperpsychotherapie \/ Bodywork\",\"publisher\":{\"@id\":\"http:\/\/bodywork-troisdorf.de\/#\/schema\/person\/5a413dbe92034fae17842072e839f116\"},\"potentialAction\":[{\"@type\":\"SearchAction\",\"target\":{\"@type\":\"EntryPoint\",\"urlTemplate\":\"http:\/\/bodywork-troisdorf.de\/?s={search_term_string}\"},\"query-input\":\"required name=search_term_string\"}],\"inLanguage\":\"de\"},{\"@type\":[\"Person\",\"Organization\"],\"@id\":\"http:\/\/bodywork-troisdorf.de\/#\/schema\/person\/5a413dbe92034fae17842072e839f116\",\"name\":\"admin\",\"image\":{\"@type\":\"ImageObject\",\"inLanguage\":\"de\",\"@id\":\"http:\/\/bodywork-troisdorf.de\/#\/schema\/person\/image\/\",\"url\":\"http:\/\/bodywork-troisdorf.de\/wp-content\/uploads\/2022\/02\/DanielPan.png\",\"contentUrl\":\"http:\/\/bodywork-troisdorf.de\/wp-content\/uploads\/2022\/02\/DanielPan.png\",\"width\":1000,\"height\":1014,\"caption\":\"admin\"},\"logo\":{\"@id\":\"http:\/\/bodywork-troisdorf.de\/#\/schema\/person\/image\/\"}}]}<\/script>\n<!-- \/ Yoast SEO plugin. -->","yoast_head_json":{"title":"mein Weg - Bodywork Troisdorf","robots":{"index":"index","follow":"follow","max-snippet":"max-snippet:-1","max-image-preview":"max-image-preview:large","max-video-preview":"max-video-preview:-1"},"canonical":"http:\/\/bodywork-troisdorf.de\/?page_id=8","og_locale":"de_DE","og_type":"article","og_title":"mein Weg - Bodywork Troisdorf","og_description":"mein Weg Ich w\u00fcrde meinen eigenen Weg als alles andere als geradlinig bezeichnen. Nach dem Abitur fing ich an Elektrotechnik zu studieren, konnte mir jedoch nicht vorstellen, all die &#8222;einfachen&#8220; Arbeitspl\u00e4tze weg zu rationalisieren, wie ich es im Arbeitsalltag erlebte. Daher entschied ich mich mitten im Studium zu tauschen und meine Hobbys zum Beruf zu &hellip; \u201emein Weg\u201c weiterlesen","og_url":"http:\/\/bodywork-troisdorf.de\/?page_id=8","og_site_name":"Bodywork Troisdorf","article_modified_time":"2024-11-04T21:18:49+00:00","og_image":[{"url":"http:\/\/bodywork-troisdorf.de\/wp-content\/uploads\/2024\/11\/am-Baum-1019x1024.jpg"}],"twitter_card":"summary_large_image","twitter_misc":{"Gesch\u00e4tzte Lesezeit":"2\u00a0Minuten"},"schema":{"@context":"https:\/\/schema.org","@graph":[{"@type":"WebPage","@id":"http:\/\/bodywork-troisdorf.de\/?page_id=8","url":"http:\/\/bodywork-troisdorf.de\/?page_id=8","name":"mein Weg - Bodywork Troisdorf","isPartOf":{"@id":"http:\/\/bodywork-troisdorf.de\/#website"},"datePublished":"2018-02-21T19:41:39+00:00","dateModified":"2024-11-04T21:18:49+00:00","breadcrumb":{"@id":"http:\/\/bodywork-troisdorf.de\/?page_id=8#breadcrumb"},"inLanguage":"de","potentialAction":[{"@type":"ReadAction","target":["http:\/\/bodywork-troisdorf.de\/?page_id=8"]}]},{"@type":"BreadcrumbList","@id":"http:\/\/bodywork-troisdorf.de\/?page_id=8#breadcrumb","itemListElement":[{"@type":"ListItem","position":1,"name":"Home","item":"http:\/\/bodywork-troisdorf.de\/"},{"@type":"ListItem","position":2,"name":"mein Weg"}]},{"@type":"WebSite","@id":"http:\/\/bodywork-troisdorf.de\/#website","url":"http:\/\/bodywork-troisdorf.de\/","name":"Bodywork Troisdorf","description":"Praxis f\u00fcr K\u00f6rperpsychotherapie \/ Bodywork","publisher":{"@id":"http:\/\/bodywork-troisdorf.de\/#\/schema\/person\/5a413dbe92034fae17842072e839f116"},"potentialAction":[{"@type":"SearchAction","target":{"@type":"EntryPoint","urlTemplate":"http:\/\/bodywork-troisdorf.de\/?s={search_term_string}"},"query-input":"required name=search_term_string"}],"inLanguage":"de"},{"@type":["Person","Organization"],"@id":"http:\/\/bodywork-troisdorf.de\/#\/schema\/person\/5a413dbe92034fae17842072e839f116","name":"admin","image":{"@type":"ImageObject","inLanguage":"de","@id":"http:\/\/bodywork-troisdorf.de\/#\/schema\/person\/image\/","url":"http:\/\/bodywork-troisdorf.de\/wp-content\/uploads\/2022\/02\/DanielPan.png","contentUrl":"http:\/\/bodywork-troisdorf.de\/wp-content\/uploads\/2022\/02\/DanielPan.png","width":1000,"height":1014,"caption":"admin"},"logo":{"@id":"http:\/\/bodywork-troisdorf.de\/#\/schema\/person\/image\/"}}]}},"_links":{"self":[{"href":"http:\/\/bodywork-troisdorf.de\/index.php?rest_route=\/wp\/v2\/pages\/8"}],"collection":[{"href":"http:\/\/bodywork-troisdorf.de\/index.php?rest_route=\/wp\/v2\/pages"}],"about":[{"href":"http:\/\/bodywork-troisdorf.de\/index.php?rest_route=\/wp\/v2\/types\/page"}],"author":[{"embeddable":true,"href":"http:\/\/bodywork-troisdorf.de\/index.php?rest_route=\/wp\/v2\/users\/1"}],"replies":[{"embeddable":true,"href":"http:\/\/bodywork-troisdorf.de\/index.php?rest_route=%2Fwp%2Fv2%2Fcomments&post=8"}],"version-history":[{"count":4,"href":"http:\/\/bodywork-troisdorf.de\/index.php?rest_route=\/wp\/v2\/pages\/8\/revisions"}],"predecessor-version":[{"id":217,"href":"http:\/\/bodywork-troisdorf.de\/index.php?rest_route=\/wp\/v2\/pages\/8\/revisions\/217"}],"wp:attachment":[{"href":"http:\/\/bodywork-troisdorf.de\/index.php?rest_route=%2Fwp%2Fv2%2Fmedia&parent=8"}],"curies":[{"name":"wp","href":"https:\/\/api.w.org\/{rel}","templated":true}]}}