{"id":2,"date":"2018-02-13T21:01:29","date_gmt":"2018-02-13T21:01:29","guid":{"rendered":"https:\/\/bodywork-troisdorf.de\/?page_id=2"},"modified":"2024-10-30T13:38:58","modified_gmt":"2024-10-30T12:38:58","slug":"sample-page","status":"publish","type":"page","link":"http:\/\/bodywork-troisdorf.de\/","title":{"rendered":"Start"},"content":{"rendered":"<p>Dies ist die Seite der Praxis f\u00fcr k\u00f6rperorientierte Psychotherapie<br>von Daniel Panchyrz (Heilpraktiker Psychotherapie)<\/p>\n<p>Du findest hier Informationen \u00fcber meine Arbeit mit <br>energetischem Clearing, Angebote im Bereich Kundaliniyoga\/Gong&nbsp; und <br>k\u00f6rperpsychotherapeutischen Einzelsitzungen <br>und die M\u00f6glichkeit mit mir in Kontakt zu treten.<\/p>\n<p>Ob&nbsp; K\u00f6rpertherapie etwas f\u00fcr dich ist und du deinen Zielen damit n\u00e4her kommen kannst, l\u00e4sst sich am besten in einem pers\u00f6nlichen Vorgespr\u00e4ch kl\u00e4ren. Dieses ist nat\u00fcrlich kostenlos. Du kannst \u00fcber das Kontaktformular mit mir in Verbindung treten. Vorab findest du unter <a href=\"https:\/\/bodywork-troisdorf.de\/?page_id=4\"><strong>Bodywork<\/strong><\/a> auch mehr Informationen.<\/p>\n<p><b>Gongmeditationen<\/b> findest du unter dem Men\u00fcpunkt Kundalini Yoga oder in der Telegramgruppe &#8222;Gongmedi rund um K\u00f6ln&#8220;<\/p>\n<p><\/p>\n<p><\/p>\n\n\n<p class=\"has-vivid-cyan-blue-color has-very-light-gray-background-color has-text-color has-background\"><\/p>\n\n\n<p><\/p>","protected":false},"excerpt":{"rendered":"<p>Dies ist die Seite der Praxis f\u00fcr k\u00f6rperorientierte Psychotherapievon Daniel Panchyrz (Heilpraktiker Psychotherapie) Du findest hier Informationen \u00fcber meine Arbeit mit energetischem Clearing, Angebote im Bereich Kundaliniyoga\/Gong&nbsp; und k\u00f6rperpsychotherapeutischen Einzelsitzungen und die M\u00f6glichkeit mit mir in Kontakt zu treten. Ob&nbsp; K\u00f6rpertherapie etwas f\u00fcr dich ist und du deinen Zielen damit n\u00e4her kommen kannst, l\u00e4sst sich &hellip; <\/p>\n<p class=\"link-more\"><a href=\"http:\/\/bodywork-troisdorf.de\/\" class=\"more-link\"><span class=\"screen-reader-text\">\u201eStart\u201c<\/span> weiterlesen<\/a><\/p>\n","protected":false},"author":1,"featured_media":0,"parent":0,"menu_order":0,"comment_status":"closed","ping_status":"open","template":"","meta":[],"yoast_head":"<!-- This site is optimized with the Yoast SEO plugin v19.7.1 - https:\/\/yoast.com\/wordpress\/plugins\/seo\/ -->\n<title>Start - Bodywork Troisdorf<\/title>\n<meta name=\"robots\" content=\"index, follow, max-snippet:-1, max-image-preview:large, max-video-preview:-1\" \/>\n<link rel=\"canonical\" href=\"http:\/\/bodywork-troisdorf.de\/\" \/>\n<meta property=\"og:locale\" content=\"de_DE\" \/>\n<meta property=\"og:type\" content=\"article\" \/>\n<meta property=\"og:title\" content=\"Start - Bodywork Troisdorf\" \/>\n<meta property=\"og:description\" content=\"Dies ist die Seite der Praxis f\u00fcr k\u00f6rperorientierte Psychotherapievon Daniel Panchyrz (Heilpraktiker Psychotherapie) Du findest hier Informationen \u00fcber meine Arbeit mit energetischem Clearing, Angebote im Bereich Kundaliniyoga\/Gong&nbsp; und k\u00f6rperpsychotherapeutischen Einzelsitzungen und die M\u00f6glichkeit mit mir in Kontakt zu treten. Ob&nbsp; K\u00f6rpertherapie etwas f\u00fcr dich ist und du deinen Zielen damit n\u00e4her kommen kannst, l\u00e4sst sich &hellip; \u201eStart\u201c weiterlesen\" \/>\n<meta property=\"og:url\" content=\"http:\/\/bodywork-troisdorf.de\/\" \/>\n<meta property=\"og:site_name\" content=\"Bodywork Troisdorf\" \/>\n<meta property=\"article:modified_time\" content=\"2024-10-30T12:38:58+00:00\" \/>\n<meta name=\"twitter:card\" content=\"summary_large_image\" \/>\n<meta name=\"twitter:label1\" content=\"Gesch\u00e4tzte Lesezeit\" \/>\n\t<meta name=\"twitter:data1\" content=\"1\u00a0Minute\" \/>\n<script type=\"application\/ld+json\" class=\"yoast-schema-graph\">{\"@context\":\"https:\/\/schema.org\",\"@graph\":[{\"@type\":\"WebPage\",\"@id\":\"http:\/\/bodywork-troisdorf.de\/\",\"url\":\"http:\/\/bodywork-troisdorf.de\/\",\"name\":\"Start - Bodywork Troisdorf\",\"isPartOf\":{\"@id\":\"http:\/\/bodywork-troisdorf.de\/#website\"},\"datePublished\":\"2018-02-13T21:01:29+00:00\",\"dateModified\":\"2024-10-30T12:38:58+00:00\",\"breadcrumb\":{\"@id\":\"http:\/\/bodywork-troisdorf.de\/#breadcrumb\"},\"inLanguage\":\"de\",\"potentialAction\":[{\"@type\":\"ReadAction\",\"target\":[\"http:\/\/bodywork-troisdorf.de\/\"]}]},{\"@type\":\"BreadcrumbList\",\"@id\":\"http:\/\/bodywork-troisdorf.de\/#breadcrumb\",\"itemListElement\":[{\"@type\":\"ListItem\",\"position\":1,\"name\":\"Home\",\"item\":\"http:\/\/bodywork-troisdorf.de\/\"},{\"@type\":\"ListItem\",\"position\":2,\"name\":\"Start\"}]},{\"@type\":\"WebSite\",\"@id\":\"http:\/\/bodywork-troisdorf.de\/#website\",\"url\":\"http:\/\/bodywork-troisdorf.de\/\",\"name\":\"Bodywork Troisdorf\",\"description\":\"Praxis f\u00fcr K\u00f6rperpsychotherapie \/ Bodywork\",\"publisher\":{\"@id\":\"http:\/\/bodywork-troisdorf.de\/#\/schema\/person\/5a413dbe92034fae17842072e839f116\"},\"potentialAction\":[{\"@type\":\"SearchAction\",\"target\":{\"@type\":\"EntryPoint\",\"urlTemplate\":\"http:\/\/bodywork-troisdorf.de\/?s={search_term_string}\"},\"query-input\":\"required name=search_term_string\"}],\"inLanguage\":\"de\"},{\"@type\":[\"Person\",\"Organization\"],\"@id\":\"http:\/\/bodywork-troisdorf.de\/#\/schema\/person\/5a413dbe92034fae17842072e839f116\",\"name\":\"admin\",\"image\":{\"@type\":\"ImageObject\",\"inLanguage\":\"de\",\"@id\":\"http:\/\/bodywork-troisdorf.de\/#\/schema\/person\/image\/\",\"url\":\"http:\/\/bodywork-troisdorf.de\/wp-content\/uploads\/2022\/02\/DanielPan.png\",\"contentUrl\":\"http:\/\/bodywork-troisdorf.de\/wp-content\/uploads\/2022\/02\/DanielPan.png\",\"width\":1000,\"height\":1014,\"caption\":\"admin\"},\"logo\":{\"@id\":\"http:\/\/bodywork-troisdorf.de\/#\/schema\/person\/image\/\"}}]}<\/script>\n<!-- \/ Yoast SEO plugin. -->","yoast_head_json":{"title":"Start - Bodywork Troisdorf","robots":{"index":"index","follow":"follow","max-snippet":"max-snippet:-1","max-image-preview":"max-image-preview:large","max-video-preview":"max-video-preview:-1"},"canonical":"http:\/\/bodywork-troisdorf.de\/","og_locale":"de_DE","og_type":"article","og_title":"Start - Bodywork Troisdorf","og_description":"Dies ist die Seite der Praxis f\u00fcr k\u00f6rperorientierte Psychotherapievon Daniel Panchyrz (Heilpraktiker Psychotherapie) Du findest hier Informationen \u00fcber meine Arbeit mit energetischem Clearing, Angebote im Bereich Kundaliniyoga\/Gong&nbsp; und k\u00f6rperpsychotherapeutischen Einzelsitzungen und die M\u00f6glichkeit mit mir in Kontakt zu treten. Ob&nbsp; K\u00f6rpertherapie etwas f\u00fcr dich ist und du deinen Zielen damit n\u00e4her kommen kannst, l\u00e4sst sich &hellip; \u201eStart\u201c weiterlesen","og_url":"http:\/\/bodywork-troisdorf.de\/","og_site_name":"Bodywork Troisdorf","article_modified_time":"2024-10-30T12:38:58+00:00","twitter_card":"summary_large_image","twitter_misc":{"Gesch\u00e4tzte Lesezeit":"1\u00a0Minute"},"schema":{"@context":"https:\/\/schema.org","@graph":[{"@type":"WebPage","@id":"http:\/\/bodywork-troisdorf.de\/","url":"http:\/\/bodywork-troisdorf.de\/","name":"Start - Bodywork Troisdorf","isPartOf":{"@id":"http:\/\/bodywork-troisdorf.de\/#website"},"datePublished":"2018-02-13T21:01:29+00:00","dateModified":"2024-10-30T12:38:58+00:00","breadcrumb":{"@id":"http:\/\/bodywork-troisdorf.de\/#breadcrumb"},"inLanguage":"de","potentialAction":[{"@type":"ReadAction","target":["http:\/\/bodywork-troisdorf.de\/"]}]},{"@type":"BreadcrumbList","@id":"http:\/\/bodywork-troisdorf.de\/#breadcrumb","itemListElement":[{"@type":"ListItem","position":1,"name":"Home","item":"http:\/\/bodywork-troisdorf.de\/"},{"@type":"ListItem","position":2,"name":"Start"}]},{"@type":"WebSite","@id":"http:\/\/bodywork-troisdorf.de\/#website","url":"http:\/\/bodywork-troisdorf.de\/","name":"Bodywork Troisdorf","description":"Praxis f\u00fcr K\u00f6rperpsychotherapie \/ Bodywork","publisher":{"@id":"http:\/\/bodywork-troisdorf.de\/#\/schema\/person\/5a413dbe92034fae17842072e839f116"},"potentialAction":[{"@type":"SearchAction","target":{"@type":"EntryPoint","urlTemplate":"http:\/\/bodywork-troisdorf.de\/?s={search_term_string}"},"query-input":"required name=search_term_string"}],"inLanguage":"de"},{"@type":["Person","Organization"],"@id":"http:\/\/bodywork-troisdorf.de\/#\/schema\/person\/5a413dbe92034fae17842072e839f116","name":"admin","image":{"@type":"ImageObject","inLanguage":"de","@id":"http:\/\/bodywork-troisdorf.de\/#\/schema\/person\/image\/","url":"http:\/\/bodywork-troisdorf.de\/wp-content\/uploads\/2022\/02\/DanielPan.png","contentUrl":"http:\/\/bodywork-troisdorf.de\/wp-content\/uploads\/2022\/02\/DanielPan.png","width":1000,"height":1014,"caption":"admin"},"logo":{"@id":"http:\/\/bodywork-troisdorf.de\/#\/schema\/person\/image\/"}}]}},"_links":{"self":[{"href":"http:\/\/bodywork-troisdorf.de\/index.php?rest_route=\/wp\/v2\/pages\/2"}],"collection":[{"href":"http:\/\/bodywork-troisdorf.de\/index.php?rest_route=\/wp\/v2\/pages"}],"about":[{"href":"http:\/\/bodywork-troisdorf.de\/index.php?rest_route=\/wp\/v2\/types\/page"}],"author":[{"embeddable":true,"href":"http:\/\/bodywork-troisdorf.de\/index.php?rest_route=\/wp\/v2\/users\/1"}],"replies":[{"embeddable":true,"href":"http:\/\/bodywork-troisdorf.de\/index.php?rest_route=%2Fwp%2Fv2%2Fcomments&post=2"}],"version-history":[{"count":26,"href":"http:\/\/bodywork-troisdorf.de\/index.php?rest_route=\/wp\/v2\/pages\/2\/revisions"}],"predecessor-version":[{"id":203,"href":"http:\/\/bodywork-troisdorf.de\/index.php?rest_route=\/wp\/v2\/pages\/2\/revisions\/203"}],"wp:attachment":[{"href":"http:\/\/bodywork-troisdorf.de\/index.php?rest_route=%2Fwp%2Fv2%2Fmedia&parent=2"}],"curies":[{"name":"wp","href":"https:\/\/api.w.org\/{rel}","templated":true}]}}