{"id":146,"date":"2022-09-26T13:20:13","date_gmt":"2022-09-26T12:20:13","guid":{"rendered":"http:\/\/bodywork-troisdorf.de\/?page_id=146"},"modified":"2024-11-08T21:10:18","modified_gmt":"2024-11-08T20:10:18","slug":"kundalini-yoga","status":"publish","type":"page","link":"http:\/\/bodywork-troisdorf.de\/?page_id=146","title":{"rendered":"Kundalini Yoga"},"content":{"rendered":"\t\t<div data-elementor-type=\"wp-page\" data-elementor-id=\"146\" class=\"elementor elementor-146\">\n\t\t\t\t\t\t<section class=\"elementor-section elementor-top-section elementor-element elementor-element-4fa98f19 elementor-section-boxed elementor-section-height-default elementor-section-height-default\" data-id=\"4fa98f19\" data-element_type=\"section\">\n\t\t\t\t\t\t<div class=\"elementor-container elementor-column-gap-default\">\n\t\t\t\t\t<div class=\"elementor-column elementor-col-100 elementor-top-column elementor-element elementor-element-568ed1e2\" data-id=\"568ed1e2\" data-element_type=\"column\">\n\t\t\t<div class=\"elementor-widget-wrap\">\n\t\t\t\t\t\t\t<\/div>\n\t\t<\/div>\n\t\t\t\t\t<\/div>\n\t\t<\/section>\n\t\t\t\t<section class=\"elementor-section elementor-top-section elementor-element elementor-element-9a7a94b elementor-section-boxed elementor-section-height-default elementor-section-height-default\" data-id=\"9a7a94b\" data-element_type=\"section\">\n\t\t\t\t\t\t<div class=\"elementor-container elementor-column-gap-default\">\n\t\t\t\t\t<div class=\"elementor-column elementor-col-100 elementor-top-column elementor-element elementor-element-2f6ef7c\" data-id=\"2f6ef7c\" data-element_type=\"column\">\n\t\t\t<div class=\"elementor-widget-wrap elementor-element-populated\">\n\t\t\t\t\t\t<div class=\"elementor-element elementor-element-d020b38 elementor-widget elementor-widget-image\" data-id=\"d020b38\" data-element_type=\"widget\" data-widget_type=\"image.default\">\n\t\t\t\t<div class=\"elementor-widget-container\">\n\t\t\t\t\t\t\t\t\t\t\t\t\t<img fetchpriority=\"high\" width=\"525\" height=\"391\" src=\"http:\/\/bodywork-troisdorf.de\/wp-content\/uploads\/2024\/10\/Flyer-Vorderseite-1024x762.jpg\" class=\"attachment-large size-large wp-image-181\" alt=\"\" srcset=\"http:\/\/bodywork-troisdorf.de\/wp-content\/uploads\/2024\/10\/Flyer-Vorderseite-1024x762.jpg 1024w, http:\/\/bodywork-troisdorf.de\/wp-content\/uploads\/2024\/10\/Flyer-Vorderseite-300x223.jpg 300w, http:\/\/bodywork-troisdorf.de\/wp-content\/uploads\/2024\/10\/Flyer-Vorderseite-768x571.jpg 768w, http:\/\/bodywork-troisdorf.de\/wp-content\/uploads\/2024\/10\/Flyer-Vorderseite-1536x1142.jpg 1536w, http:\/\/bodywork-troisdorf.de\/wp-content\/uploads\/2024\/10\/Flyer-Vorderseite-2048x1523.jpg 2048w\" sizes=\"100vw\" \/>\t\t\t\t\t\t\t\t\t\t\t\t\t<\/div>\n\t\t\t\t<\/div>\n\t\t\t\t\t<\/div>\n\t\t<\/div>\n\t\t\t\t\t<\/div>\n\t\t<\/section>\n\t\t\t\t<section class=\"elementor-section elementor-top-section elementor-element elementor-element-583fd2f elementor-section-boxed elementor-section-height-default elementor-section-height-default\" data-id=\"583fd2f\" data-element_type=\"section\">\n\t\t\t\t\t\t<div class=\"elementor-container elementor-column-gap-default\">\n\t\t\t\t\t<div class=\"elementor-column elementor-col-100 elementor-top-column elementor-element elementor-element-3377eb3\" data-id=\"3377eb3\" data-element_type=\"column\">\n\t\t\t<div class=\"elementor-widget-wrap\">\n\t\t\t\t\t\t\t<\/div>\n\t\t<\/div>\n\t\t\t\t\t<\/div>\n\t\t<\/section>\n\t\t\t\t<section class=\"elementor-section elementor-top-section elementor-element elementor-element-ba71d6c elementor-section-boxed elementor-section-height-default elementor-section-height-default\" data-id=\"ba71d6c\" data-element_type=\"section\">\n\t\t\t\t\t\t<div class=\"elementor-container elementor-column-gap-default\">\n\t\t\t\t\t<div class=\"elementor-column elementor-col-100 elementor-top-column elementor-element elementor-element-cc67847\" data-id=\"cc67847\" data-element_type=\"column\">\n\t\t\t<div class=\"elementor-widget-wrap elementor-element-populated\">\n\t\t\t\t\t\t<div class=\"elementor-element elementor-element-e833b33 elementor-widget__width-initial elementor-widget elementor-widget-text-editor\" data-id=\"e833b33\" data-element_type=\"widget\" data-widget_type=\"text-editor.default\">\n\t\t\t\t<div class=\"elementor-widget-container\">\n\t\t\t\t\t\t\t<p>Einheiten mit Kundalini Yoga und Gong finden an folgenden Orten statt:<\/p>\n<ul>\n<li>Elfeshof in Neuss<\/li>\n<li>Wandelraum in Overath<br>(\u00fcber Tempelgl\u00fcck)<\/li>\n<li>Haus Miriya, Troisdorf<\/li>\n<\/ul>\n<p>und auf dem ein oder anderen kleinen Event in und um K\u00f6ln<\/p>\n<p>Weitere Infos dazu findest du in dem Telegramkanal<br>&#8222;<a href=\"https:\/\/t.me\/+UjcD0THBfUVkNmMy\">Gongmedi rund um K\u00f6ln<\/a>&#8222;<\/p>\t\t\t\t\t\t<\/div>\n\t\t\t\t<\/div>\n\t\t\t\t\t<\/div>\n\t\t<\/div>\n\t\t\t\t\t<\/div>\n\t\t<\/section>\n\t\t\t\t<section class=\"elementor-section elementor-top-section elementor-element elementor-element-dda80da elementor-section-boxed elementor-section-height-default elementor-section-height-default\" data-id=\"dda80da\" data-element_type=\"section\">\n\t\t\t\t\t\t<div class=\"elementor-container elementor-column-gap-default\">\n\t\t\t\t\t<div class=\"elementor-column elementor-col-100 elementor-top-column elementor-element elementor-element-056dcac\" data-id=\"056dcac\" data-element_type=\"column\">\n\t\t\t<div class=\"elementor-widget-wrap\">\n\t\t\t\t\t\t\t<\/div>\n\t\t<\/div>\n\t\t\t\t\t<\/div>\n\t\t<\/section>\n\t\t\t\t<section class=\"elementor-section elementor-top-section elementor-element elementor-element-7b9c7f1 elementor-section-boxed elementor-section-height-default elementor-section-height-default\" data-id=\"7b9c7f1\" data-element_type=\"section\">\n\t\t\t\t\t\t<div class=\"elementor-container elementor-column-gap-default\">\n\t\t\t\t\t<div class=\"elementor-column elementor-col-100 elementor-top-column elementor-element elementor-element-f16fed8\" data-id=\"f16fed8\" data-element_type=\"column\">\n\t\t\t<div class=\"elementor-widget-wrap elementor-element-populated\">\n\t\t\t\t\t\t<div class=\"elementor-element elementor-element-a8b82e1 elementor-widget elementor-widget-text-editor\" data-id=\"a8b82e1\" data-element_type=\"widget\" data-widget_type=\"text-editor.default\">\n\t\t\t\t<div class=\"elementor-widget-container\">\n\t\t\t\t\t\t\t<p>Falls ihr mit dem Gedanken spielt, im Raum D\u00fcsseldorf eine Kundalili-Yoga-Lehrerausbildung zu machen, kann ich euch die von Sangeet (und weiteren Lehrern) ans Herz legen. Diese soll in 2025 im Elfeshof stattfinden. Weitere Infos unter https:\/\/www.yoga-infos.de\/de\/yoga-lehrer-ausbildung\/yoga-ausbildung-duesseldorf<\/p>\t\t\t\t\t\t<\/div>\n\t\t\t\t<\/div>\n\t\t\t\t\t<\/div>\n\t\t<\/div>\n\t\t\t\t\t<\/div>\n\t\t<\/section>\n\t\t\t\t<\/div>\n\t\t","protected":false},"excerpt":{"rendered":"<p>Einheiten mit Kundalini Yoga und Gong finden an folgenden Orten statt: Elfeshof in Neuss Wandelraum in Overath(\u00fcber Tempelgl\u00fcck) Haus Miriya, Troisdorf und auf dem ein oder anderen kleinen Event in und um K\u00f6ln Weitere Infos dazu findest du in dem Telegramkanal&#8222;Gongmedi rund um K\u00f6ln&#8222; Falls ihr mit dem Gedanken spielt, im Raum D\u00fcsseldorf eine Kundalili-Yoga-Lehrerausbildung &hellip; <\/p>\n<p class=\"link-more\"><a href=\"http:\/\/bodywork-troisdorf.de\/?page_id=146\" class=\"more-link\"><span class=\"screen-reader-text\">\u201eKundalini Yoga\u201c<\/span> weiterlesen<\/a><\/p>\n","protected":false},"author":1,"featured_media":0,"parent":2,"menu_order":0,"comment_status":"closed","ping_status":"closed","template":"","meta":[],"yoast_head":"<!-- This site is optimized with the Yoast SEO plugin v19.7.1 - https:\/\/yoast.com\/wordpress\/plugins\/seo\/ -->\n<title>Kundalini Yoga - Bodywork Troisdorf<\/title>\n<meta name=\"robots\" content=\"index, follow, max-snippet:-1, max-image-preview:large, max-video-preview:-1\" \/>\n<link rel=\"canonical\" href=\"http:\/\/bodywork-troisdorf.de\/?page_id=146\" \/>\n<meta property=\"og:locale\" content=\"de_DE\" \/>\n<meta property=\"og:type\" content=\"article\" \/>\n<meta property=\"og:title\" content=\"Kundalini Yoga - Bodywork Troisdorf\" \/>\n<meta property=\"og:description\" content=\"Einheiten mit Kundalini Yoga und Gong finden an folgenden Orten statt: Elfeshof in Neuss Wandelraum in Overath(\u00fcber Tempelgl\u00fcck) Haus Miriya, Troisdorf und auf dem ein oder anderen kleinen Event in und um K\u00f6ln Weitere Infos dazu findest du in dem Telegramkanal&#8222;Gongmedi rund um K\u00f6ln&#8222; Falls ihr mit dem Gedanken spielt, im Raum D\u00fcsseldorf eine Kundalili-Yoga-Lehrerausbildung &hellip; \u201eKundalini Yoga\u201c weiterlesen\" \/>\n<meta property=\"og:url\" content=\"http:\/\/bodywork-troisdorf.de\/?page_id=146\" \/>\n<meta property=\"og:site_name\" content=\"Bodywork Troisdorf\" \/>\n<meta property=\"article:modified_time\" content=\"2024-11-08T20:10:18+00:00\" \/>\n<meta property=\"og:image\" content=\"http:\/\/bodywork-troisdorf.de\/wp-content\/uploads\/2024\/10\/Flyer-Vorderseite-1024x762.jpg\" \/>\n<meta name=\"twitter:card\" content=\"summary_large_image\" \/>\n<meta name=\"twitter:label1\" content=\"Gesch\u00e4tzte Lesezeit\" \/>\n\t<meta name=\"twitter:data1\" content=\"1\u00a0Minute\" \/>\n<script type=\"application\/ld+json\" class=\"yoast-schema-graph\">{\"@context\":\"https:\/\/schema.org\",\"@graph\":[{\"@type\":\"WebPage\",\"@id\":\"http:\/\/bodywork-troisdorf.de\/?page_id=146\",\"url\":\"http:\/\/bodywork-troisdorf.de\/?page_id=146\",\"name\":\"Kundalini Yoga - Bodywork Troisdorf\",\"isPartOf\":{\"@id\":\"http:\/\/bodywork-troisdorf.de\/#website\"},\"datePublished\":\"2022-09-26T12:20:13+00:00\",\"dateModified\":\"2024-11-08T20:10:18+00:00\",\"breadcrumb\":{\"@id\":\"http:\/\/bodywork-troisdorf.de\/?page_id=146#breadcrumb\"},\"inLanguage\":\"de\",\"potentialAction\":[{\"@type\":\"ReadAction\",\"target\":[\"http:\/\/bodywork-troisdorf.de\/?page_id=146\"]}]},{\"@type\":\"BreadcrumbList\",\"@id\":\"http:\/\/bodywork-troisdorf.de\/?page_id=146#breadcrumb\",\"itemListElement\":[{\"@type\":\"ListItem\",\"position\":1,\"name\":\"Home\",\"item\":\"http:\/\/bodywork-troisdorf.de\/\"},{\"@type\":\"ListItem\",\"position\":2,\"name\":\"Start\",\"item\":\"http:\/\/bodywork-troisdorf.de\/\"},{\"@type\":\"ListItem\",\"position\":3,\"name\":\"Kundalini Yoga\"}]},{\"@type\":\"WebSite\",\"@id\":\"http:\/\/bodywork-troisdorf.de\/#website\",\"url\":\"http:\/\/bodywork-troisdorf.de\/\",\"name\":\"Bodywork Troisdorf\",\"description\":\"Praxis f\u00fcr K\u00f6rperpsychotherapie \/ Bodywork\",\"publisher\":{\"@id\":\"http:\/\/bodywork-troisdorf.de\/#\/schema\/person\/5a413dbe92034fae17842072e839f116\"},\"potentialAction\":[{\"@type\":\"SearchAction\",\"target\":{\"@type\":\"EntryPoint\",\"urlTemplate\":\"http:\/\/bodywork-troisdorf.de\/?s={search_term_string}\"},\"query-input\":\"required name=search_term_string\"}],\"inLanguage\":\"de\"},{\"@type\":[\"Person\",\"Organization\"],\"@id\":\"http:\/\/bodywork-troisdorf.de\/#\/schema\/person\/5a413dbe92034fae17842072e839f116\",\"name\":\"admin\",\"image\":{\"@type\":\"ImageObject\",\"inLanguage\":\"de\",\"@id\":\"http:\/\/bodywork-troisdorf.de\/#\/schema\/person\/image\/\",\"url\":\"http:\/\/bodywork-troisdorf.de\/wp-content\/uploads\/2022\/02\/DanielPan.png\",\"contentUrl\":\"http:\/\/bodywork-troisdorf.de\/wp-content\/uploads\/2022\/02\/DanielPan.png\",\"width\":1000,\"height\":1014,\"caption\":\"admin\"},\"logo\":{\"@id\":\"http:\/\/bodywork-troisdorf.de\/#\/schema\/person\/image\/\"}}]}<\/script>\n<!-- \/ Yoast SEO plugin. -->","yoast_head_json":{"title":"Kundalini Yoga - Bodywork Troisdorf","robots":{"index":"index","follow":"follow","max-snippet":"max-snippet:-1","max-image-preview":"max-image-preview:large","max-video-preview":"max-video-preview:-1"},"canonical":"http:\/\/bodywork-troisdorf.de\/?page_id=146","og_locale":"de_DE","og_type":"article","og_title":"Kundalini Yoga - Bodywork Troisdorf","og_description":"Einheiten mit Kundalini Yoga und Gong finden an folgenden Orten statt: Elfeshof in Neuss Wandelraum in Overath(\u00fcber Tempelgl\u00fcck) Haus Miriya, Troisdorf und auf dem ein oder anderen kleinen Event in und um K\u00f6ln Weitere Infos dazu findest du in dem Telegramkanal&#8222;Gongmedi rund um K\u00f6ln&#8222; Falls ihr mit dem Gedanken spielt, im Raum D\u00fcsseldorf eine Kundalili-Yoga-Lehrerausbildung &hellip; \u201eKundalini Yoga\u201c weiterlesen","og_url":"http:\/\/bodywork-troisdorf.de\/?page_id=146","og_site_name":"Bodywork Troisdorf","article_modified_time":"2024-11-08T20:10:18+00:00","og_image":[{"url":"http:\/\/bodywork-troisdorf.de\/wp-content\/uploads\/2024\/10\/Flyer-Vorderseite-1024x762.jpg"}],"twitter_card":"summary_large_image","twitter_misc":{"Gesch\u00e4tzte Lesezeit":"1\u00a0Minute"},"schema":{"@context":"https:\/\/schema.org","@graph":[{"@type":"WebPage","@id":"http:\/\/bodywork-troisdorf.de\/?page_id=146","url":"http:\/\/bodywork-troisdorf.de\/?page_id=146","name":"Kundalini Yoga - Bodywork Troisdorf","isPartOf":{"@id":"http:\/\/bodywork-troisdorf.de\/#website"},"datePublished":"2022-09-26T12:20:13+00:00","dateModified":"2024-11-08T20:10:18+00:00","breadcrumb":{"@id":"http:\/\/bodywork-troisdorf.de\/?page_id=146#breadcrumb"},"inLanguage":"de","potentialAction":[{"@type":"ReadAction","target":["http:\/\/bodywork-troisdorf.de\/?page_id=146"]}]},{"@type":"BreadcrumbList","@id":"http:\/\/bodywork-troisdorf.de\/?page_id=146#breadcrumb","itemListElement":[{"@type":"ListItem","position":1,"name":"Home","item":"http:\/\/bodywork-troisdorf.de\/"},{"@type":"ListItem","position":2,"name":"Start","item":"http:\/\/bodywork-troisdorf.de\/"},{"@type":"ListItem","position":3,"name":"Kundalini Yoga"}]},{"@type":"WebSite","@id":"http:\/\/bodywork-troisdorf.de\/#website","url":"http:\/\/bodywork-troisdorf.de\/","name":"Bodywork Troisdorf","description":"Praxis f\u00fcr K\u00f6rperpsychotherapie \/ Bodywork","publisher":{"@id":"http:\/\/bodywork-troisdorf.de\/#\/schema\/person\/5a413dbe92034fae17842072e839f116"},"potentialAction":[{"@type":"SearchAction","target":{"@type":"EntryPoint","urlTemplate":"http:\/\/bodywork-troisdorf.de\/?s={search_term_string}"},"query-input":"required name=search_term_string"}],"inLanguage":"de"},{"@type":["Person","Organization"],"@id":"http:\/\/bodywork-troisdorf.de\/#\/schema\/person\/5a413dbe92034fae17842072e839f116","name":"admin","image":{"@type":"ImageObject","inLanguage":"de","@id":"http:\/\/bodywork-troisdorf.de\/#\/schema\/person\/image\/","url":"http:\/\/bodywork-troisdorf.de\/wp-content\/uploads\/2022\/02\/DanielPan.png","contentUrl":"http:\/\/bodywork-troisdorf.de\/wp-content\/uploads\/2022\/02\/DanielPan.png","width":1000,"height":1014,"caption":"admin"},"logo":{"@id":"http:\/\/bodywork-troisdorf.de\/#\/schema\/person\/image\/"}}]}},"_links":{"self":[{"href":"http:\/\/bodywork-troisdorf.de\/index.php?rest_route=\/wp\/v2\/pages\/146"}],"collection":[{"href":"http:\/\/bodywork-troisdorf.de\/index.php?rest_route=\/wp\/v2\/pages"}],"about":[{"href":"http:\/\/bodywork-troisdorf.de\/index.php?rest_route=\/wp\/v2\/types\/page"}],"author":[{"embeddable":true,"href":"http:\/\/bodywork-troisdorf.de\/index.php?rest_route=\/wp\/v2\/users\/1"}],"replies":[{"embeddable":true,"href":"http:\/\/bodywork-troisdorf.de\/index.php?rest_route=%2Fwp%2Fv2%2Fcomments&post=146"}],"version-history":[{"count":26,"href":"http:\/\/bodywork-troisdorf.de\/index.php?rest_route=\/wp\/v2\/pages\/146\/revisions"}],"predecessor-version":[{"id":235,"href":"http:\/\/bodywork-troisdorf.de\/index.php?rest_route=\/wp\/v2\/pages\/146\/revisions\/235"}],"up":[{"embeddable":true,"href":"http:\/\/bodywork-troisdorf.de\/index.php?rest_route=\/wp\/v2\/pages\/2"}],"wp:attachment":[{"href":"http:\/\/bodywork-troisdorf.de\/index.php?rest_route=%2Fwp%2Fv2%2Fmedia&parent=146"}],"curies":[{"name":"wp","href":"https:\/\/api.w.org\/{rel}","templated":true}]}}